{"id":16,"date":"2015-07-06T11:55:14","date_gmt":"2015-07-06T11:55:14","guid":{"rendered":"http:\/\/hosting.wu.ac.at\/at.kurt-rothschild.www\/en\/?page_id=16"},"modified":"2017-10-19T14:32:13","modified_gmt":"2017-10-19T14:32:13","slug":"interviews","status":"publish","type":"page","link":"https:\/\/www.kurt-rothschild.at\/en\/life\/interviews\/","title":{"rendered":"Last interviews"},"content":{"rendered":"<p>NU \u2013 J\u00fcdisches Magazin f\u00fcr Politik und Kultur, Nr. 37 (3\/2009):<br \/>\n<a href=\"http:\/\/nunu.at\/article\/ein-buch-fuer-den-intelligenten-laien\/\" target=\"_blank\">Ein Buch f\u00fcr den \u201eintelligenten Laien\u201c&#8221;<\/a><\/p>\n<p>Wespennest (2009):<br \/>\n<a href=\"http:\/\/www.eurozine.com\/articles\/2009-11-18-rothschild-de.html\" target=\"_blank\">&#8220;Wenn man die Welt \u00e4ndern will, muss man die Wirtschaft \u00e4ndern.&#8221;<\/a><\/p>\n<p>Korso (16.10.2009):<br \/>\n<a href=\"http:\/\/korso.at\/content\/view\/4006\/100\/\" target=\"_blank\">\u201eDie gro\u00dfe Chance f\u00fcr Reformen haben wir schon vers\u00e4umt.\u201c\u00a0<\/a><\/p>\n<p>Kurswechsel, Heft 4 (2006):<br \/>\n<a href=\"http:\/\/www.beigewum.at\/wordpress\/wp-content\/uploads\/037_interview_mit_kurt_rothschild.pdf\" target=\"_blank\">Aktualit\u00e4t und Tradition gesellschaftskritischer \u00d6konomie in \u00d6sterreich<\/a><\/p>\n<p>Intervention,Heft 2 (2006):<br \/>\n<a href=\"http:\/\/www.kurt-rothschild.at\/downloads\/%C2%BBDer%20Heiligenschein%20ist%20angekratzt,%20aber%20der%20Neoliberalismus%20ist%20noch%20immer%20sehr%20stark%C2%AB.pdf\" target=\"_blank\">Interview mit Kurt W. Rothschild<\/a><\/p>\n","protected":false},"excerpt":{"rendered":"<p>NU \u2013 J\u00fcdisches Magazin f\u00fcr Politik und Kultur, Nr. 37 (3\/2009): Ein Buch f\u00fcr den \u201eintelligenten Laien\u201c&#8221; Wespennest (2009): &#8220;Wenn man die Welt \u00e4ndern will, muss man die Wirtschaft \u00e4ndern.&#8221; Korso (16.10.2009): \u201eDie gro\u00dfe Chance f\u00fcr Reformen haben wir schon vers\u00e4umt.\u201c\u00a0 Kurswechsel, Heft 4 (2006): Aktualit\u00e4t und Tradition gesellschaftskritischer \u00d6konomie in \u00d6sterreich Intervention,Heft 2 (2006): &hellip; <a href=\"https:\/\/www.kurt-rothschild.at\/en\/life\/interviews\/\" class=\"more-link\">Continue reading <span class=\"screen-reader-text\">Last interviews<\/span> <span class=\"meta-nav\">&rarr;<\/span><\/a><\/p>\n","protected":false},"author":1,"featured_media":0,"parent":2,"menu_order":1,"comment_status":"closed","ping_status":"open","template":"","meta":{"footnotes":""},"class_list":["post-16","page","type-page","status-publish","hentry"],"_links":{"self":[{"href":"https:\/\/www.kurt-rothschild.at\/en\/wp-json\/wp\/v2\/pages\/16","targetHints":{"allow":["GET"]}}],"collection":[{"href":"https:\/\/www.kurt-rothschild.at\/en\/wp-json\/wp\/v2\/pages"}],"about":[{"href":"https:\/\/www.kurt-rothschild.at\/en\/wp-json\/wp\/v2\/types\/page"}],"author":[{"embeddable":true,"href":"https:\/\/www.kurt-rothschild.at\/en\/wp-json\/wp\/v2\/users\/1"}],"replies":[{"embeddable":true,"href":"https:\/\/www.kurt-rothschild.at\/en\/wp-json\/wp\/v2\/comments?post=16"}],"version-history":[{"count":7,"href":"https:\/\/www.kurt-rothschild.at\/en\/wp-json\/wp\/v2\/pages\/16\/revisions"}],"predecessor-version":[{"id":235,"href":"https:\/\/www.kurt-rothschild.at\/en\/wp-json\/wp\/v2\/pages\/16\/revisions\/235"}],"up":[{"embeddable":true,"href":"https:\/\/www.kurt-rothschild.at\/en\/wp-json\/wp\/v2\/pages\/2"}],"wp:attachment":[{"href":"https:\/\/www.kurt-rothschild.at\/en\/wp-json\/wp\/v2\/media?parent=16"}],"curies":[{"name":"wp","href":"https:\/\/api.w.org\/{rel}","templated":true}]}}