{"id":23,"date":"2015-07-06T12:02:46","date_gmt":"2015-07-06T12:02:46","guid":{"rendered":"http:\/\/hosting.wu.ac.at\/at.kurt-rothschild.www\/en\/?page_id=23"},"modified":"2015-08-01T09:32:07","modified_gmt":"2015-08-01T09:32:07","slug":"recordingsdocumentariesbroadcasts","status":"publish","type":"page","link":"https:\/\/www.kurt-rothschild.at\/en\/life\/recordingsdocumentariesbroadcasts\/","title":{"rendered":"Recordings \/ Documentaries \/ Broadcasts"},"content":{"rendered":"<p>Wiener Stadtgespr\u00e4che (29.1.2009), Kurt W. Rothschild im Gespr\u00e4ch mit Peter Huemer <a href=\"http:\/\/www.wienerstadtgespraech.at\/nachlese\/rothschild\/\" target=\"_blank\">Link<\/a><\/p>\n<p>\u00d61 Radiokolleg &#8211; Wirtschaftsdenker: Kurt W. Rothschild zum Thema &#8220;Macht und Gerechtigkeit in der \u00d6konomie&#8221;:<br \/>\n<a href=\"http:\/\/www.kurt-rothschild.at\/Radio\/Rothschild_Teil_1.MP3\" target=\"_blank\">Teil 1<\/a>\u00a0|\u00a0<a href=\"http:\/\/www.kurt-rothschild.at\/Radio\/Rothschild_Teil_2.MP3\" target=\"_blank\">Teil 2<\/a>\u00a0|\u00a0<a href=\"http:\/\/www.kurt-rothschild.at\/Radio\/Rothschild_Teil_3.MP3\" target=\"_blank\">Teil 3\u00a0<\/a>|\u00a0<a href=\"http:\/\/www.kurt-rothschild.at\/Radio\/Rothschild_Teil_4.MP3\" target=\"_blank\">Teil 4<\/a><\/p>\n<p>Wilfried Altzinger, Elisabeth Springler, Peter Mooslechner und Herbert Walther (Videoaufzeichnung):<br \/>\n<a href=\"http:\/\/ichmachpolitik.at\/questions\/1187\" target=\"_blank\">Die andere \u00f6sterreichische Schule: Kurt W. Rothschild<\/a><\/p>\n<p>Robert Misik im Gespr\u00e4ch mit Kurt W. Rothschild. Aufzeichnung vom 3.12.2009 im Wissensturm Linz:<br \/>\n<a href=\"http:\/\/www.medienwerkstatt-linz.at\/sendungspool\/index.php?option=com_k2&amp;view=item&amp;id=678:-krise-!-welche-krise-?--robert-misik-im-gespr%C3%A4ch-mit-kurt-wilhelm-rothschild&amp;Itemid=15\" target=\"_blank\">&#8220;Krise ! Welche Krise ?&#8221;<\/a><\/p>\n<p>Lunch Lecture am 3.6.2009 an der Johannes Kepler Universit\u00e4t Linz zum Thema:<br \/>\n<a href=\"http:\/\/www.dorftv.at\/videos\/dorf-gespraech\/705\" target=\"_blank\">\u201cKrise und die ethischen Grundlagen der \u00d6konomie\u201d<\/a><\/p>\n<p>WIWIPOL-Symposium vom 21. Oktober 2009:<br \/>\n<a href=\"http:\/\/www.kurt-rothschild.at\/downloads\/WIWIPOL-Symposium%20vom%2021.%20Oktober%202009.pdf\" target=\"_blank\">\u201cKurt Rothschild zum 95. Geburtstag: W\u00fcrdigung seines Lebens und Werkes vor dem Hintergrund der aktuellen Wirtschaftskrise\u201d<\/a><\/p>\n","protected":false},"excerpt":{"rendered":"<p>Wiener Stadtgespr\u00e4che (29.1.2009), Kurt W. Rothschild im Gespr\u00e4ch mit Peter Huemer Link \u00d61 Radiokolleg &#8211; Wirtschaftsdenker: Kurt W. Rothschild zum Thema &#8220;Macht und Gerechtigkeit in der \u00d6konomie&#8221;: Teil 1\u00a0|\u00a0Teil 2\u00a0|\u00a0Teil 3\u00a0|\u00a0Teil 4 Wilfried Altzinger, Elisabeth Springler, Peter Mooslechner und Herbert Walther (Videoaufzeichnung): Die andere \u00f6sterreichische Schule: Kurt W. Rothschild Robert Misik im Gespr\u00e4ch mit Kurt &hellip; <a href=\"https:\/\/www.kurt-rothschild.at\/en\/life\/recordingsdocumentariesbroadcasts\/\" class=\"more-link\">Continue reading <span class=\"screen-reader-text\">Recordings \/ Documentaries \/ Broadcasts<\/span> <span class=\"meta-nav\">&rarr;<\/span><\/a><\/p>\n","protected":false},"author":1,"featured_media":0,"parent":2,"menu_order":2,"comment_status":"closed","ping_status":"open","template":"","meta":{"footnotes":""},"class_list":["post-23","page","type-page","status-publish","hentry"],"_links":{"self":[{"href":"https:\/\/www.kurt-rothschild.at\/en\/wp-json\/wp\/v2\/pages\/23","targetHints":{"allow":["GET"]}}],"collection":[{"href":"https:\/\/www.kurt-rothschild.at\/en\/wp-json\/wp\/v2\/pages"}],"about":[{"href":"https:\/\/www.kurt-rothschild.at\/en\/wp-json\/wp\/v2\/types\/page"}],"author":[{"embeddable":true,"href":"https:\/\/www.kurt-rothschild.at\/en\/wp-json\/wp\/v2\/users\/1"}],"replies":[{"embeddable":true,"href":"https:\/\/www.kurt-rothschild.at\/en\/wp-json\/wp\/v2\/comments?post=23"}],"version-history":[{"count":4,"href":"https:\/\/www.kurt-rothschild.at\/en\/wp-json\/wp\/v2\/pages\/23\/revisions"}],"predecessor-version":[{"id":209,"href":"https:\/\/www.kurt-rothschild.at\/en\/wp-json\/wp\/v2\/pages\/23\/revisions\/209"}],"up":[{"embeddable":true,"href":"https:\/\/www.kurt-rothschild.at\/en\/wp-json\/wp\/v2\/pages\/2"}],"wp:attachment":[{"href":"https:\/\/www.kurt-rothschild.at\/en\/wp-json\/wp\/v2\/media?parent=23"}],"curies":[{"name":"wp","href":"https:\/\/api.w.org\/{rel}","templated":true}]}}