{"id":25,"date":"2015-07-06T12:09:36","date_gmt":"2015-07-06T12:09:36","guid":{"rendered":"http:\/\/hosting.wu.ac.at\/at.kurt-rothschild.www\/en\/?page_id=25"},"modified":"2017-06-08T10:52:10","modified_gmt":"2017-06-08T10:52:10","slug":"imagery","status":"publish","type":"page","link":"https:\/\/www.kurt-rothschild.at\/en\/life\/imagery\/","title":{"rendered":"Imagery"},"content":{"rendered":"<p>Additional pictures (\u00a9 Helga Allmer)<br \/>\n<a href=\"http:\/\/www.creativeeyes.at\/h\/wsg09\/\" target=\"_blank\">Wiener Stadtgespr\u00e4che (Vienna City talks) 2009<\/a><\/p>\n<p><img loading=\"lazy\" decoding=\"async\" class=\"alignnone size-full wp-image-39\" src=\"http:\/\/www.kurt-rothschild.at\/wp-content\/uploads\/2015\/04\/picture-19.jpg\" alt=\"picture-19\" width=\"272\" height=\"180\" \/><\/p>\n<p>&nbsp;<\/p>\n<p><a href=\"http:\/\/www.creativeeyes.at\/h\/rothschild\/\" target=\"_blank\">Bruno-Kreisky-Award for the political book (Preis f\u00fcr das politische Buch) 2009 (I)<\/a><\/p>\n<p><img loading=\"lazy\" decoding=\"async\" class=\"alignnone size-full wp-image-40\" src=\"http:\/\/www.kurt-rothschild.at\/wp-content\/uploads\/2015\/04\/picture-22.jpg\" alt=\"picture-22\" width=\"239\" height=\"200\" \/><\/p>\n<p>&nbsp;<\/p>\n<p><a href=\"http:\/\/www.kurt-rothschild.at\/bruno-kreisky-preis-fur-das-politische-buch-2009-ii\/\" target=\"_blank\">Bruno-Kreisky-Award for the political book (Preis f\u00fcr das politische Buch) 2009 (II)<\/a><\/p>\n<p><img loading=\"lazy\" decoding=\"async\" class=\"alignnone wp-image-40 size-full\" src=\"http:\/\/www.kurt-rothschild.at\/wp-content\/uploads\/2015\/04\/RI-3381.jpg\" width=\"239\" height=\"200\" \/><\/p>\n","protected":false},"excerpt":{"rendered":"<p>Additional pictures (\u00a9 Helga Allmer) Wiener Stadtgespr\u00e4che (Vienna City talks) 2009 &nbsp; Bruno-Kreisky-Award for the political book (Preis f\u00fcr das politische Buch) 2009 (I) &nbsp; Bruno-Kreisky-Award for the political book (Preis f\u00fcr das politische Buch) 2009 (II)<\/p>\n","protected":false},"author":1,"featured_media":0,"parent":2,"menu_order":3,"comment_status":"closed","ping_status":"open","template":"","meta":{"footnotes":""},"class_list":["post-25","page","type-page","status-publish","hentry"],"_links":{"self":[{"href":"https:\/\/www.kurt-rothschild.at\/en\/wp-json\/wp\/v2\/pages\/25","targetHints":{"allow":["GET"]}}],"collection":[{"href":"https:\/\/www.kurt-rothschild.at\/en\/wp-json\/wp\/v2\/pages"}],"about":[{"href":"https:\/\/www.kurt-rothschild.at\/en\/wp-json\/wp\/v2\/types\/page"}],"author":[{"embeddable":true,"href":"https:\/\/www.kurt-rothschild.at\/en\/wp-json\/wp\/v2\/users\/1"}],"replies":[{"embeddable":true,"href":"https:\/\/www.kurt-rothschild.at\/en\/wp-json\/wp\/v2\/comments?post=25"}],"version-history":[{"count":5,"href":"https:\/\/www.kurt-rothschild.at\/en\/wp-json\/wp\/v2\/pages\/25\/revisions"}],"predecessor-version":[{"id":227,"href":"https:\/\/www.kurt-rothschild.at\/en\/wp-json\/wp\/v2\/pages\/25\/revisions\/227"}],"up":[{"embeddable":true,"href":"https:\/\/www.kurt-rothschild.at\/en\/wp-json\/wp\/v2\/pages\/2"}],"wp:attachment":[{"href":"https:\/\/www.kurt-rothschild.at\/en\/wp-json\/wp\/v2\/media?parent=25"}],"curies":[{"name":"wp","href":"https:\/\/api.w.org\/{rel}","templated":true}]}}