{"id":34,"date":"2015-07-06T12:58:58","date_gmt":"2015-07-06T12:58:58","guid":{"rendered":"http:\/\/hosting.wu.ac.at\/at.kurt-rothschild.www\/en\/?page_id=34"},"modified":"2016-11-24T11:27:17","modified_gmt":"2016-11-24T11:27:17","slug":"books","status":"publish","type":"page","link":"https:\/\/www.kurt-rothschild.at\/en\/work\/books\/","title":{"rendered":"Books"},"content":{"rendered":"<p>Rothschild KW (1947)\u00a0<i>Austria&#8217;s Economic Development Between the Two Wars<\/i>. Frederick Muller Ltd., London\u00a0<a href=\"http:\/\/permalink.obvsg.at\/AC03195258\">Link<\/a><\/p>\n<p>Rothschild KW (1950)\u00a0<i>The Austrian economy since 1945<\/i>. Royal Institute of International Affairs, London\u00a0<a href=\"http:\/\/permalink.obvsg.at\/AC01904122\">Link<\/a><\/p>\n<p>Rothschild KW (1954)\u00a0<i>The theory of wages<\/i>. Blackwell, Oxford\u00a0<a href=\"http:\/\/permalink.obvsg.at\/AC02449081\">Link<\/a><\/p>\n<p>Rothschild KW (1957) The Theory of Wages (Spanische \u00dcbersetzung) Teor\u00eda de los salarios. Aguilar, Madrid <a href=\"http:\/\/permalink.obvsg.at\/AC11981418\">Link<\/a><\/p>\n<p>Rothschild KW (1960)\u00a0<i>The theory of wages<\/i>. Blackwell, Oxford\u00a0<a href=\"http:\/\/permalink.obvsg.at\/AC03020834\">Link<\/a><\/p>\n<p>Weber W and KW Rothschild (1961)\u00a0<i>\u00d6sterreichs Wirtschaftsstruktur gestern, heute, morgen: Strukturwandlungen der \u00f6sterreichischen Volkswirtschaft in der Vergangenheit und ihre Bedeutung f\u00fcr Strukturprobleme der Gegenwart und der Zukunft; Bd. 2<\/i>. Duncker &amp; Humblot, Berlin\u00a0<a href=\"http:\/\/permalink.obvsg.at\/AC00272925\">Link<\/a><\/p>\n<p>Rothschild KW (1963)\u00a0<i>Lohntheorie<\/i>. Vahlen, Berlin\u00a0<a href=\"http:\/\/permalink.obvsg.at\/AC00921909\">Link<\/a><\/p>\n<p>Rothschild KW (1965)\u00a0<i>The theory of wages<\/i>. Blackwell, Oxford\u00a0<a href=\"http:\/\/permalink.obvsg.at\/AC07772601\">Link<\/a><\/p>\n<p>Rothschild KW (1966)\u00a0<i>Marktform, L\u00f6hne, Au\u00dfenhandel: Beitr\u00e4ge zur Wirtschaftstheorie und zur Wirtschaftspolitik<\/i>. Europa-Verlag, Wien\u00a0<a href=\"http:\/\/permalink.obvsg.at\/AC01124297\">Link<\/a><\/p>\n<p>F\u00fcrst E, et al. (1967)\u00a0<i>Beitr\u00e4ge zur Einkommensverteilung<\/i>. Duncker und Humblot, Berlin\u00a0<a href=\"http:\/\/permalink.obvsg.at\/AC01456762\">Link<\/a><\/p>\n<p>Rothschild KW (1969)\u00a0<i>Wirtschaftsprognose, Methoden und Probleme<\/i>. Springer, Berlin, Heidelberg, New York\u00a0<a href=\"http:\/\/permalink.obvsg.at\/AC00620456\">Link<\/a><\/p>\n<p>Rothschild KW (1971)\u00a0<i>Power in economics<\/i>\u00a0[E][G]. Penguin Books, Harmondsworth\u00a0<a href=\"http:\/\/permalink.obvsg.at\/AC00679416\">Link<\/a><\/p>\n<p>Rothschild KW (1971)\u00a0<i>Development of income distribution by Factor Shares in Western Europe<\/i>. OECD, Paris\u00a0<a href=\"http:\/\/permalink.obvsg.at\/AC03003290\">Link<\/a><\/p>\n<p>Rothschild KW and O Lackinger (1971)\u00a0<i>Betriebsneugr\u00fcndungen und Arbeitsmarkt: Ober\u00f6sterreichische Erfahrungen 1964 &#8211; 69<\/i>. Linz\u00a0<a href=\"http:\/\/permalink.obvsg.at\/AC02469509\">Link<\/a><\/p>\n<p>Androsch H, et al. (1973)\u00a0<i>Die Qualit\u00e4t des Lebens verbessern<\/i>. Wien\u00a0<a href=\"http:\/\/permalink.obvsg.at\/AC04575277\">Link<\/a><\/p>\n<p>Rothschild KW and H-J Schmahl (1973)\u00a0<i>Beschleunigter Geldwertschwund<\/i>. Verlag Weltarchiv, Hamburg\u00a0<a href=\"http:\/\/permalink.obvsg.at\/AC01089669\">Link<\/a><\/p>\n<p>Rothschild KW, et al. (1975)\u00a0<i>Beitr\u00e4ge zur Wirtschafts- und Gesellschaftspolitik. Festschrift f\u00fcr Theodor P\u00fctz<\/i>\u00a0[H]. Berlin\u00a0<a href=\"http:\/\/permalink.obvsg.at\/AC01215235\">Link<\/a><\/p>\n<p>Rothschild KW (1976)\u00a0<i>Power in Economics (Italienische \u00dcbersetzung)<\/i>\u00a0[G]. F. Angeli, Milano <a href=\"http:\/\/permalink.obvsg.at\/AC11865047\">Link<\/a><\/p>\n<p>Rothschild KW (1976)\u00a0<i>Power in economics (Spanische \u00dcbersetzung)<\/i>\u00a0[G]. Penguin Books, Harmondsworth<\/p>\n<p>Rothschild KW (1977)\u00a0<i>Arbeitslosigkeit in \u00d6sterreich, 1955-1975<\/i>. Linz\u00a0<a href=\"http:\/\/permalink.obvsg.at\/AC00372355\">Link<\/a><\/p>\n<p>Rothschild KW (1979)\u00a0<i>Social Sciences in Policy Making<\/i>. OECD Report, Paris\u00a0<a href=\"http:\/\/permalink.obvsg.at\/AC03630706\">Link<\/a><\/p>\n<p>Blumberger W and KW Rothschild (1980)\u00a0<i>Werkst\u00e4tte: Arbeiterbildung: Berichte, Protokolle, Materialien<\/i>. BFI, Linz\u00a0<a href=\"http:\/\/permalink.obvsg.at\/AC03677137\">Link<\/a><\/p>\n<p>Rothschild KW (1981)\u00a0<i>Einf\u00fchrung in die Ungleichgewichtstheorie<\/i>. Springer, Berlin, Heidelberg, New York\u00a0<a href=\"http:\/\/permalink.obvsg.at\/AC00287322\">Link<\/a><\/p>\n<p>Rothschild KW (1982)\u00a0<i>Der neue Marshall-Plan f\u00fcr die Dritte Welt: Analyse des \u00f6sterreichischen Vorschlages zu einem verst\u00e4rkten Ressourcentransfer &#8211; Endbericht<\/i>. \u00d6sterreichische Nationalbank, Wien\u00a0<a href=\"http:\/\/permalink.obvsg.at\/AC07699003\">Link<\/a><\/p>\n<p>Bisovsky G and KW Rothschild (1986)\u00a0<i>Umwelt: Dokumentation und Lesebuch<\/i>. Verband Wiener Volksbildung, Wien\u00a0<a href=\"http:\/\/permalink.obvsg.at\/AC04127120\">Link<\/a><\/p>\n<p>Rothschild KW, et al. (1987)\u00a0<i>Wege zur Vollbesch\u00e4ftigung<\/i>\u00a0[B]. Rombach, Freiburg\u00a0<a href=\"http:\/\/permalink.obvsg.at\/AC00915911\">Link<\/a><\/p>\n<p>Rothschild KW and G Tichy (1987)\u00a0<i>Arbeitslosigkeit und Arbeitsangebot in \u00d6sterreich<\/i>\u00a0[A]. Springer, Wien\u00a0<a href=\"http:\/\/permalink.obvsg.at\/AC00169571\">Link<\/a><\/p>\n<p>Rothschild KW (1988)\u00a0<i>Theorien der Arbeitslosigkeit: Einf\u00fchrung<\/i>. Oldenbourg, M\u00fcnchen-Wien\u00a0<a href=\"http:\/\/permalink.obvsg.at\/AC00005717\">Link<\/a><\/p>\n<p>Wolfrum R, et al. (1989)\u00a0<i>Krise und Krisenmanagement in den internationalen Beziehungen: Ergebnisse einer vom Studienkreis Internationale Beziehungen im Februar 1985 in Berlin veranstalteten Tagung<\/i>. Steiner, Wiesbaden\u00a0<a href=\"http:\/\/permalink.obvsg.at\/AC00080063\">Link<\/a><\/p>\n<p>Buchegger R, et al. (1990)\u00a0<i>Arbeitslosigkeit: \u00d6konomische und soziologische Perspektiven<\/i>. Springer, Berlin\u00a0<a href=\"http:\/\/permalink.obvsg.at\/AC00169903\">Link<\/a><\/p>\n<p>Rothschild KW (1990)\u00a0<i>Deregulierung, Anatomie eines Schlagwortes<\/i>. FGN-HSG, St. Gallen\u00a0<a href=\"https:\/\/ideas.repec.org\/p\/usg\/wajohr\/1990.html\">Link<\/a><\/p>\n<p>Rothschild KW (1990)\u00a0<i>Arbeitslose: Gibt&#8217;s die? Ausgew\u00e4hlte Beitr\u00e4ge zu den \u00f6konomischen und gesellschaftspolitischen Aspekten der Arbeitslosigkeit<\/i>\u00a0[A][B]. Metropolis-Verlag, Marburg\u00a0<a href=\"http:\/\/permalink.obvsg.at\/AC00102147\">Link<\/a><\/p>\n<p>Rothschild KW (1992)\u00a0<i>Ethik und Wirtschaftstheorie<\/i>. Mohr, T\u00fcbingen\u00a0<a href=\"http:\/\/permalink.obvsg.at\/AC00495620\">Link<\/a><\/p>\n<p>Rothschild KW (1993)\u00a0<i>Ethics and economic theory. Ideas, models, dilemmas<\/i>. Elgar, Aldershot\u00a0<a href=\"http:\/\/permalink.obvsg.at\/AC00701374\">Link<\/a><\/p>\n<p>Rothschild KW (1993)\u00a0<i>Employment, wages and income distribution: Critical essays in economics<\/i>. New York and London: Routledge,\u00a0<a href=\"http:\/\/permalink.obvsg.at\/AC00666870\">Link<\/a><\/p>\n<p>Rothschild KW (1994)\u00a0<i>Theorien der Arbeitslosigkeit: Einf\u00fchrung<\/i>. Oldenbourg, M\u00fcnchen-Wien\u00a0<a href=\"http:\/\/permalink.obvsg.at\/AC00870379\">Link<\/a><\/p>\n<p>Gutmann G and KW Rothschild (1995)\u00a0<i>Die Wettbewerbsf\u00e4higkeit der ostdeutschen Wirtschaft. Ausgangslage, Handlungserfordernisse, Perspektiven<\/i>. Duncker &amp; Humblot, Berlin\u00a0<a href=\"http:\/\/permalink.obvsg.at\/AC01234111\">Link<\/a><\/p>\n<p>Rothschild KW (1995)\u00a0<i>Ethics and economic theory. Ideas, models, dilemmas<\/i>. Elgar, Aldershot\u00a0<a href=\"http:\/\/permalink.obvsg.at\/AC00701374\">Link<\/a><\/p>\n<p>Rothschild KW and JE King (ed.) (1995)\u00a0<i>Economic method, theory and policy: Selected essays of Kurt W. Rothschild<\/i>. Elgar,\u00a0<a href=\"http:\/\/permalink.obvsg.at\/AC01214559\">Link<\/a><\/p>\n<p>Rothschild KW (2004)\u00a0<i>Die politischen Visionen gro\u00dfer \u00d6konomen<\/i>. St\u00e4mpfli, Bern\u00a0<a href=\"http:\/\/permalink.obvsg.at\/AC04017713\">Link<\/a><\/p>\n<p>B\u00fcrger H and KW Rothschild (2009)\u00a0<i>Wie Wirtschaft die Welt bewegt. Die gro\u00dfen \u00f6konomischen Modelle auf dem Pr\u00fcfstand<\/i>. Lesethek, Wien\u00a0<a href=\"http:\/\/permalink.obvsg.at\/AC07712376\">Link<\/a><\/p>\n","protected":false},"excerpt":{"rendered":"<p>Rothschild KW (1947)\u00a0Austria&#8217;s Economic Development Between the Two Wars. Frederick Muller Ltd., London\u00a0Link Rothschild KW (1950)\u00a0The Austrian economy since 1945. Royal Institute of International Affairs, London\u00a0Link Rothschild KW (1954)\u00a0The theory of wages. Blackwell, Oxford\u00a0Link Rothschild KW (1957) The Theory of Wages (Spanische \u00dcbersetzung) Teor\u00eda de los salarios. Aguilar, Madrid Link Rothschild KW (1960)\u00a0The theory of &hellip; <a href=\"https:\/\/www.kurt-rothschild.at\/en\/work\/books\/\" class=\"more-link\">Continue reading <span class=\"screen-reader-text\">Books<\/span> <span class=\"meta-nav\">&rarr;<\/span><\/a><\/p>\n","protected":false},"author":1,"featured_media":0,"parent":32,"menu_order":0,"comment_status":"closed","ping_status":"open","template":"","meta":{"footnotes":""},"class_list":["post-34","page","type-page","status-publish","hentry"],"_links":{"self":[{"href":"https:\/\/www.kurt-rothschild.at\/en\/wp-json\/wp\/v2\/pages\/34","targetHints":{"allow":["GET"]}}],"collection":[{"href":"https:\/\/www.kurt-rothschild.at\/en\/wp-json\/wp\/v2\/pages"}],"about":[{"href":"https:\/\/www.kurt-rothschild.at\/en\/wp-json\/wp\/v2\/types\/page"}],"author":[{"embeddable":true,"href":"https:\/\/www.kurt-rothschild.at\/en\/wp-json\/wp\/v2\/users\/1"}],"replies":[{"embeddable":true,"href":"https:\/\/www.kurt-rothschild.at\/en\/wp-json\/wp\/v2\/comments?post=34"}],"version-history":[{"count":3,"href":"https:\/\/www.kurt-rothschild.at\/en\/wp-json\/wp\/v2\/pages\/34\/revisions"}],"predecessor-version":[{"id":225,"href":"https:\/\/www.kurt-rothschild.at\/en\/wp-json\/wp\/v2\/pages\/34\/revisions\/225"}],"up":[{"embeddable":true,"href":"https:\/\/www.kurt-rothschild.at\/en\/wp-json\/wp\/v2\/pages\/32"}],"wp:attachment":[{"href":"https:\/\/www.kurt-rothschild.at\/en\/wp-json\/wp\/v2\/media?parent=34"}],"curies":[{"name":"wp","href":"https:\/\/api.w.org\/{rel}","templated":true}]}}