{"id":51,"date":"2015-07-06T13:14:50","date_gmt":"2015-07-06T13:14:50","guid":{"rendered":"http:\/\/hosting.wu.ac.at\/at.kurt-rothschild.www\/en\/?page_id=51"},"modified":"2017-10-20T11:12:17","modified_gmt":"2017-10-20T11:12:17","slug":"converence","status":"publish","type":"page","link":"https:\/\/www.kurt-rothschild.at\/en\/converence\/","title":{"rendered":"Converence"},"content":{"rendered":"<h4>Economics as a Multi-Paradigmatic Science. In Honour of Kurt W. Rothschild (1914-2010)<\/h4>\n<p>Date: 1st and\u00a02nd\u00a0December,\u00a02011<\/p>\n<p>Location:\u00a0Oesterreichische Nationalbank (Otto-Wagner-Platz 3, 1090 Vienna)<\/p>\n<p>Sponsoring: Arbeiterkammer Wien (AK Wien), Bundeskanzleramt (BKA), Bundesministerium f\u00fcr Finanzen (BMF), Bundesministerium f\u00fcr Wirtschaft, Wirtschaftsuniversit\u00e4t Wien (WU), Johannes-Keppler-Universit\u00e4t Linz (JKU), Wirtschaftsforschungsinstitut (WIFO), Wirtschaftskammer \u00d6sterreich (WKO)<\/p>\n<p>&nbsp;<\/p>\n<h5>Publication of the converence<\/h5>\n<p>Altzinger, Wilfried and Guger, Alois and Mooslechner, Peter and Nowotny, Ewald, eds. (2014) Economics as a Multi-Paradigmatic Science. In Honour of Kurt W. Rothschild (1914-2010). Oesterreichische Nationalbank, Wien. <a href=\"http:\/\/epub.wu.ac.at\/4305\/\" target=\"_blank\">Link<\/a><\/p>\n<p>&nbsp;<\/p>\n<h5>Programme<\/h5>\n<h6><strong>Thursday, December 1st, 2011<\/strong><\/h6>\n<p><em><strong>Personal Tribute (18:00 &#8211; 20:00)<\/strong><\/em><\/p>\n<p><a href=\"http:\/\/www.wu.ac.at\/vw1\/m\/altzing\" target=\"_blank\">Wilfried Altzinger<\/a>, University of Economics, Vienna<br \/>\n<em>Opening of the Conference\u00a0<\/em><\/p>\n<p><a href=\"https:\/\/www.oenb.at\/Ueber-Uns\/Organisation\/Organe\/Direktorium.html\" target=\"_blank\">Ewald Nowotny<\/a>, Governor, Oesterreichische Nationalbank<br \/>\n<em>Kurt Rothschild &#8211; Some Personal Remarks and Memories<\/em><\/p>\n<p><a href=\"http:\/\/www.latrobe.edu.au\/law\/about\/staff\/profile?uname=JEKing\" target=\"_blank\">John E. King<\/a>, La Trobe University, Melbourne<br \/>\n<em>Remembering Kurt W. Rothschild<\/em><\/p>\n<p>&nbsp;<\/p>\n<h6><strong>Friday, December 2nd, 2011<\/strong><\/h6>\n<p><em><strong>Kurt W. Rothschild at the International Stage \/ Part 1 (9:00 &#8211; 11:00)<\/strong><\/em><\/p>\n<p><a href=\"http:\/\/economia.unipv.it\/pagp\/pagine_personali\/bhaduri\/bhaduri.htm\" target=\"_blank\">Amit Bhaduri<\/a>, Jawaharlal Nehru University, Delhi<br \/>\n<em>Unemployment and Distribution of Income<\/em><br \/>\nDiscussant:\u00a0<a href=\"https:\/\/wien.arbeiterkammer.at\/interessenvertretung\/wirtschaftswissenschaften\/Kontakt.html\" target=\"_blank\">Markus Marterbauer<\/a><\/p>\n<p><a href=\"http:\/\/www.econ.uzh.ch\/faculty\/falkinger.html\" target=\"_blank\">Josef Falkinger<\/a>, University of Zurich<br \/>\n<em>Em&#8221;powering Economics&#8221;: Some Thoughts on policy and financial markets<\/em><br \/>\nDiscussant:\u00a0<a href=\"http:\/\/econ.univie.ac.at\/de\/personal\/wissenschaftliches-personal-alphabetisch\/rosner\/\" target=\"_blank\">Peter Rosner<\/a><\/p>\n<p>Chair:\u00a0<a href=\"http:\/\/alois.guger.wifo.ac.at\/\" target=\"_blank\">Alois Guger\u00a0<\/a><\/p>\n<p>&nbsp;<\/p>\n<p><em><strong>Kurt W. Rothschild \u2013 His Influence on Economic Research, Economic Teaching and Economic Policy in Austria (11:30 &#8211; 13:30)<\/strong><\/em><\/p>\n<div>\n<p>Podiumsdiskusion<br \/>\n<em>Die Bedeutung Kurt W. Rothschilds f\u00fcr die \u00f6konomische Forschung und die Wirtschaftspolitik \u00d6sterreichs<\/em><\/p>\n<p><a href=\"http:\/\/karl.aiginger.wifo.ac.at\/\" target=\"_blank\">Karl Aiginger<\/a>\u00a0(WIFO),\u00a0<a href=\"http:\/\/www.econ.jku.at\/Brunner\/\" target=\"_blank\">Johann Brunner\u00a0<\/a>(JKU Linz),\u00a0<a href=\"http:\/\/www.chaloupek.eu\/\" target=\"_blank\">G\u00fcnther Chaloupek\u00a0<\/a>(AK),\u00a0<a href=\"http:\/\/www.christophleitl.at\/Content.Node\/person\/vita\/Vita.php\" target=\"_blank\">Christoph Leitl\u00a0<\/a>(WKO),\u00a0<a href=\"https:\/\/www.oenb.at\/Ueber-Uns\/Organisation\/Organe\/Direktorium.html\" target=\"_blank\">Peter Mooslechner<\/a>\u00a0(OeNB),\u00a0<a href=\"http:\/\/www.wu.ac.at\/arbeitsmarkt\/staff\/walther\" target=\"_blank\">Herbert Walther<\/a>\u00a0(WU Wien)<\/p>\n<p>Moderation: Wilfried Altzinger (WU Wien)<\/p>\n<p>&nbsp;<\/p>\n<p><em><strong>Kurt W. Rothschild at the International Stage \/ Part II (14:30-17:30)<\/strong><\/em><\/p>\n<p><a href=\"https:\/\/homepage.uni-graz.at\/de\/heinz.kurz\/\">Heinz D. Kurz<\/a>, University of Graz<br \/>\n<em>Heterodox Economics in Austria: The Case of Kurt W. Rothschild<\/em><br \/>\nDiscussant:\u00a0<a href=\"http:\/\/www.wu.ac.at\/vw7\/team\/kubin\" target=\"_blank\">Ingrid Kubin<\/a><\/p>\n<p><a href=\"http:\/\/www.business.curtin.edu.au\/index.cfm?objectid=324D8A2F-98E9-C91E-38CC792DEB705EB4&amp;method=renderstaffprofile&amp;staffid=431FD3CC-DE04-7FF3-AC6F2AF31BC81EAF\" target=\"_blank\">Harry Bloch<\/a>, Curtin University of Technology and\u00a0<a href=\"http:\/\/www.buseco.monash.edu.au\/eco\/staff\/bhattacharya-mita.html\" target=\"_blank\">Mita Bhattacharya<\/a>, Monash University<br \/>\n<em>Price Theory and Oligopoly<\/em><br \/>\nDiscussant:\u00a0<a href=\"http:\/\/www.econ.jku.at\/Landesmann\/\" target=\"_blank\">Michael Landesmann\u00a0<\/a><\/p>\n<p><a href=\"http:\/\/anna.ww.tu-berlin.de\/~makro\/Kromphardt\/Index.html\" target=\"_blank\">J\u00fcrgen Kromphardt<\/a>, Berlin<br \/>\n<em>Labour Market Theory, Wage and Price Dynamics, Theory of Growth<\/em><br \/>\nDiscussant:\u00a0<a href=\"http:\/\/gunther.tichy.wifo.ac.at\/\" target=\"_blank\">Gunther Tichy<\/a><\/p>\n<p>Chair:\u00a0<a href=\"http:\/\/www.helmutkramer.at\/\" target=\"_blank\">Helmut Kramer<\/a><\/p>\n<p>&nbsp;<\/p>\n<p><a href=\"http:\/\/hosting.wu.ac.at\/at.kurt-rothschild.www\/?p=18\" target=\"_blank\">Film about Kurt W. Rothschild&#8217;s Life<\/a>\u00a0(18:00 &#8211; 18:45)<\/p>\n<\/div>\n","protected":false},"excerpt":{"rendered":"<p>Economics as a Multi-Paradigmatic Science. In Honour of Kurt W. Rothschild (1914-2010) Date: 1st and\u00a02nd\u00a0December,\u00a02011 Location:\u00a0Oesterreichische Nationalbank (Otto-Wagner-Platz 3, 1090 Vienna) Sponsoring: Arbeiterkammer Wien (AK Wien), Bundeskanzleramt (BKA), Bundesministerium f\u00fcr Finanzen (BMF), Bundesministerium f\u00fcr Wirtschaft, Wirtschaftsuniversit\u00e4t Wien (WU), Johannes-Keppler-Universit\u00e4t Linz (JKU), Wirtschaftsforschungsinstitut (WIFO), Wirtschaftskammer \u00d6sterreich (WKO) &nbsp; Publication of the converence Altzinger, Wilfried and Guger, &hellip; <a href=\"https:\/\/www.kurt-rothschild.at\/en\/converence\/\" class=\"more-link\">Continue reading <span class=\"screen-reader-text\">Converence<\/span> <span class=\"meta-nav\">&rarr;<\/span><\/a><\/p>\n","protected":false},"author":1,"featured_media":0,"parent":0,"menu_order":0,"comment_status":"closed","ping_status":"open","template":"","meta":{"footnotes":""},"class_list":["post-51","page","type-page","status-publish","hentry"],"_links":{"self":[{"href":"https:\/\/www.kurt-rothschild.at\/en\/wp-json\/wp\/v2\/pages\/51","targetHints":{"allow":["GET"]}}],"collection":[{"href":"https:\/\/www.kurt-rothschild.at\/en\/wp-json\/wp\/v2\/pages"}],"about":[{"href":"https:\/\/www.kurt-rothschild.at\/en\/wp-json\/wp\/v2\/types\/page"}],"author":[{"embeddable":true,"href":"https:\/\/www.kurt-rothschild.at\/en\/wp-json\/wp\/v2\/users\/1"}],"replies":[{"embeddable":true,"href":"https:\/\/www.kurt-rothschild.at\/en\/wp-json\/wp\/v2\/comments?post=51"}],"version-history":[{"count":3,"href":"https:\/\/www.kurt-rothschild.at\/en\/wp-json\/wp\/v2\/pages\/51\/revisions"}],"predecessor-version":[{"id":236,"href":"https:\/\/www.kurt-rothschild.at\/en\/wp-json\/wp\/v2\/pages\/51\/revisions\/236"}],"wp:attachment":[{"href":"https:\/\/www.kurt-rothschild.at\/en\/wp-json\/wp\/v2\/media?parent=51"}],"curies":[{"name":"wp","href":"https:\/\/api.w.org\/{rel}","templated":true}]}}