{"id":60,"date":"2015-07-06T13:27:19","date_gmt":"2015-07-06T13:27:19","guid":{"rendered":"http:\/\/hosting.wu.ac.at\/at.kurt-rothschild.www\/en\/?page_id=60"},"modified":"2015-07-06T13:27:19","modified_gmt":"2015-07-06T13:27:19","slug":"in-politics","status":"publish","type":"page","link":"https:\/\/www.kurt-rothschild.at\/en\/obituaries\/in-politics\/","title":{"rendered":"In politics"},"content":{"rendered":"<p>Federal President Dr. Heinz Fischer:<br \/>\n<a href=\"http:\/\/www.ots.at\/presseaussendung\/OTS_20101122_OTS0286\/bundespraesident-kondoliert-zum-ableben-von-univ-prof-dr-kurt-rotschild\" target=\"_blank\">Bundespr\u00e4sident kondoliert zum Ableben von Univ. Prof. Dr. Kurt W. Rotschild<\/a><\/p>\n<p>Austrian chamber of commerce Dr. Christoph Leitl:<br \/>\n<a href=\"http:\/\/www.ots.at\/presseaussendung\/OTS_20101122_OTS0271\/leitl-oesterreich-verliert-mit-kurt-rothschild-wirtschaftswissenschafter-mit-weltruf\" target=\"_blank\">Leitl: \u00d6sterreich verliert mit Kurt W. Rothschild Wirtschaftswissenschafter mit Weltruf\u00a0<\/a><\/p>\n<p>Member of Austrian Parliament Jan Krainer (SP\u00d6):<br \/>\n<a href=\"http:\/\/www.ots.at\/presseaussendung\/OTS_20101122_OTS0245\/krainer-zum-ableben-von-kurt-w-rothschild-seine-vision-von-gerechtigkeit-damit-alle-leben-koennen-praegte-gesamtwerk\" target=\"_blank\">Krainer zum Ableben von Kurt W. Rothschild : Seine Vision von &#8220;Gerechtigkeit, damit alle leben k\u00f6nnen&#8221; pr\u00e4gte Gesamtwerk<\/a><\/p>\n<p>Member of Austrian Parliament Alexander van der Bellen (Gr\u00fcne):<br \/>\n<a href=\"http:\/\/www.ots.at\/presseaussendung\/OTS_20101122_OTS0218\/van-der-bellen-zum-tod-von-kurt-rothschild-hat-immer-unabhaengigen-geist-bewahrt\" target=\"_blank\">Van der Bellen zum Tod von Kurt W. Rothschild : Hat immer unabh\u00e4ngigen Geist bewahrt<\/a><\/p>\n<p>Member of Austrian Parliament Katharina Cortolezis-Schlager (\u00d6VP):<br \/>\n<a href=\"http:\/\/www.ots.at\/presseaussendung\/OTS_20101122_OTS0195\/cortolezis-schlager-kurt-w-rothschild-hat-die-wissenschaftsszene-stark-bereichert\" target=\"_blank\">Cortolezis-Schlager: Kurt W. Rothschild hat die Wissenschaftsszene stark bereichert\u00a0<\/a><\/p>\n<p>Minister of Economic Affairs Reinhold Mitterlehner (\u00d6VP):<br \/>\n<a href=\"http:\/\/www.ots.at\/presseaussendung\/OTS_20101122_OTS0192\/mitterlehner-zum-tod-von-kurt-w-rothschild-eine-der-bedeutendsten-persoenlichkeiten-in-der-volkswirtschaft\" target=\"_blank\">Mitterlehner zum Tod von Kurt W. Rothschild : Eine der bedeutendsten Pers\u00f6nlichkeiten in der Volkswirtschaft\u00a0<\/a><\/p>\n<p>City councillor Andreas Mailath-Pokorny (SP\u00d6):<br \/>\n<a href=\"http:\/\/www.ots.at\/presseaussendung\/OTS_20101122_OTS0121\/mailath-zum-tod-von-kurt-rothschild-vordenker-der-wirtschaftswissenschaften\" target=\"_blank\">Mailath zum Tod von Kurt W. Rothschild : Vordenker der Wirtschaftswissenschaften\u00a0<\/a><\/p>\n<p>State secretary Andreas Schieder (SP\u00d6):<br \/>\n<a href=\"http:\/\/www.ots.at\/presseaussendung\/OTS_20101122_OTS0092\/schieder-zum-ableben-von-kurt-rothschild-grosser-verlust-fuer-oesterreichs-wissenschaftslandschaft\" target=\"_blank\">Schieder zum Ableben von Kurt W. Rothschild : Gro\u00dfer Verlust f\u00fcr \u00d6sterreichs Wissenschaftslandschaft\u00a0<\/a><\/p>\n<p>Governor Josef Ackerl (SP\u00d6):<br \/>\n<a href=\"http:\/\/www.ots.at\/presseaussendung\/OTS_20101123_OTS0030\/ackerl-kurt-rothschilds-vision-von-gerechtigkeit-praegt-weiter-unsere-politik\" target=\"_blank\">Ackerl: Kurt W. Rothschilds Vision von Gerechtigkeit pr\u00e4gt weiter unsere Politik<\/a><\/p>\n","protected":false},"excerpt":{"rendered":"<p>Federal President Dr. Heinz Fischer: Bundespr\u00e4sident kondoliert zum Ableben von Univ. Prof. Dr. Kurt W. Rotschild Austrian chamber of commerce Dr. Christoph Leitl: Leitl: \u00d6sterreich verliert mit Kurt W. Rothschild Wirtschaftswissenschafter mit Weltruf\u00a0 Member of Austrian Parliament Jan Krainer (SP\u00d6): Krainer zum Ableben von Kurt W. Rothschild : Seine Vision von &#8220;Gerechtigkeit, damit alle leben &hellip; <a href=\"https:\/\/www.kurt-rothschild.at\/en\/obituaries\/in-politics\/\" class=\"more-link\">Continue reading <span class=\"screen-reader-text\">In politics<\/span> <span class=\"meta-nav\">&rarr;<\/span><\/a><\/p>\n","protected":false},"author":1,"featured_media":0,"parent":53,"menu_order":2,"comment_status":"closed","ping_status":"open","template":"","meta":{"footnotes":""},"class_list":["post-60","page","type-page","status-publish","hentry"],"_links":{"self":[{"href":"https:\/\/www.kurt-rothschild.at\/en\/wp-json\/wp\/v2\/pages\/60","targetHints":{"allow":["GET"]}}],"collection":[{"href":"https:\/\/www.kurt-rothschild.at\/en\/wp-json\/wp\/v2\/pages"}],"about":[{"href":"https:\/\/www.kurt-rothschild.at\/en\/wp-json\/wp\/v2\/types\/page"}],"author":[{"embeddable":true,"href":"https:\/\/www.kurt-rothschild.at\/en\/wp-json\/wp\/v2\/users\/1"}],"replies":[{"embeddable":true,"href":"https:\/\/www.kurt-rothschild.at\/en\/wp-json\/wp\/v2\/comments?post=60"}],"version-history":[{"count":1,"href":"https:\/\/www.kurt-rothschild.at\/en\/wp-json\/wp\/v2\/pages\/60\/revisions"}],"predecessor-version":[{"id":61,"href":"https:\/\/www.kurt-rothschild.at\/en\/wp-json\/wp\/v2\/pages\/60\/revisions\/61"}],"up":[{"embeddable":true,"href":"https:\/\/www.kurt-rothschild.at\/en\/wp-json\/wp\/v2\/pages\/53"}],"wp:attachment":[{"href":"https:\/\/www.kurt-rothschild.at\/en\/wp-json\/wp\/v2\/media?parent=60"}],"curies":[{"name":"wp","href":"https:\/\/api.w.org\/{rel}","templated":true}]}}